{"id":2286,"date":"2019-03-14T12:57:27","date_gmt":"2019-03-14T12:57:27","guid":{"rendered":"http:\/\/www.s4s.rs\/?page_id=2286"},"modified":"2019-03-21T22:25:00","modified_gmt":"2019-03-21T22:25:00","slug":"tehnoloske-konsultacije","status":"publish","type":"page","link":"http:\/\/www.s4s.rs\/?page_id=2286","title":{"rendered":"TEHNOLO\u0160KE KONSULTACIJE"},"content":{"rendered":"\t\t<div data-elementor-type=\"wp-post\" data-elementor-id=\"2286\" class=\"elementor elementor-2286\" data-elementor-settings=\"[]\">\n\t\t\t<div class=\"elementor-inner\">\n\t\t\t\t<div class=\"elementor-section-wrap\">\n\t\t\t\t\t\t\t<section class=\"elementor-element elementor-element-0d9b294 elementor-section-boxed elementor-section-height-default elementor-section-height-default elementor-section elementor-top-section\" data-id=\"0d9b294\" data-element_type=\"section\" data-settings=\"{&quot;background_background&quot;:&quot;classic&quot;}\">\n\t\t\t\t\t\t\t<div class=\"elementor-background-overlay\"><\/div>\n\t\t\t\t\t\t\t<div class=\"elementor-container elementor-column-gap-default\">\n\t\t\t\t<div class=\"elementor-row\">\n\t\t\t\t<div class=\"elementor-element elementor-element-wg09lq0 elementor-column elementor-col-50 elementor-top-column\" data-id=\"wg09lq0\" data-element_type=\"column\">\n\t\t\t<div class=\"elementor-column-wrap  elementor-element-populated\">\n\t\t\t\t\t<div class=\"elementor-widget-wrap\">\n\t\t\t\t<div class=\"elementor-element elementor-element-gq1ngdx elementor-widget elementor-widget-heading\" data-id=\"gq1ngdx\" data-element_type=\"widget\" data-widget_type=\"heading.default\">\n\t\t\t\t<div class=\"elementor-widget-container\">\n\t\t\t<h6 class=\"elementor-heading-title elementor-size-default\">NA\u0160E USLUGE<\/h6>\t\t<\/div>\n\t\t\t\t<\/div>\n\t\t\t\t<div class=\"elementor-element elementor-element-imrpz3k elementor-widget elementor-widget-heading\" data-id=\"imrpz3k\" data-element_type=\"widget\" data-widget_type=\"heading.default\">\n\t\t\t\t<div class=\"elementor-widget-container\">\n\t\t\t<h2 class=\"elementor-heading-title elementor-size-default\">TEHNOLO\u0160KE <em>Konsultacije<\/em><\/h2>\t\t<\/div>\n\t\t\t\t<\/div>\n\t\t\t\t<div class=\"elementor-element elementor-element-09k8t3h elementor-widget elementor-widget-divider\" data-id=\"09k8t3h\" data-element_type=\"widget\" data-widget_type=\"divider.default\">\n\t\t\t\t<div class=\"elementor-widget-container\">\n\t\t\t\t\t<div class=\"elementor-divider\">\n\t\t\t<span class=\"elementor-divider-separator\">\n\t\t\t\t\t\t<\/span>\n\t\t<\/div>\n\t\t\t\t<\/div>\n\t\t\t\t<\/div>\n\t\t\t\t<div class=\"elementor-element elementor-element-buazgk8 elementor-widget elementor-widget-text-editor\" data-id=\"buazgk8\" data-element_type=\"widget\" data-widget_type=\"text-editor.default\">\n\t\t\t\t<div class=\"elementor-widget-container\">\n\t\t\t\t\t<div class=\"elementor-text-editor elementor-clearfix\"><p>OSLONITE SE NA EKSPERTE \u010cIJA \u0106E MISIJA BITI DA ODABERU NAJBOLJA RE\u0160ENJA ZA VA\u0160E POSLOVANJE.<\/p><p>Prikladna i kvalitetna tehnolo\u0161ka podr\u0161ka je presudna podr\u0161ka rastu va\u0161eg poslovanja. Rad na pravim aktivnostima u pravo vreme je presudni faktor u efikasnosti i poslovnoj vrednosti svih poduhvata vezanih u IT sektoru. Sa pravom kombinacijom softvera i hardvera, uvek \u0107ete uspe\u0161no re\u0161avati i najte\u017ee poslovne izazove. Sa druge strane neadekvatna re\u0161enja i promene u neprikladno vreme \u0107e sasvim sigurno umanjiti va\u0161 uspeh.<\/p><\/div>\n\t\t\t\t<\/div>\n\t\t\t\t<\/div>\n\t\t\t\t<div class=\"elementor-element elementor-element-vjv6xtt elementor-widget elementor-widget-spacer\" data-id=\"vjv6xtt\" data-element_type=\"widget\" data-widget_type=\"spacer.default\">\n\t\t\t\t<div class=\"elementor-widget-container\">\n\t\t\t\t\t<div class=\"elementor-spacer\">\n\t\t\t<div class=\"elementor-spacer-inner\"><\/div>\n\t\t<\/div>\n\t\t\t\t<\/div>\n\t\t\t\t<\/div>\n\t\t\t\t\t\t<\/div>\n\t\t\t<\/div>\n\t\t<\/div>\n\t\t\t\t<div class=\"elementor-element elementor-element-iwbaw3o elementor-column elementor-col-50 elementor-top-column\" data-id=\"iwbaw3o\" data-element_type=\"column\">\n\t\t\t<div class=\"elementor-column-wrap\">\n\t\t\t\t\t<div class=\"elementor-widget-wrap\">\n\t\t\t\t\t\t<\/div>\n\t\t\t<\/div>\n\t\t<\/div>\n\t\t\t\t\t\t<\/div>\n\t\t\t<\/div>\n\t\t<\/section>\n\t\t\t\t<section class=\"elementor-element elementor-element-23f3128 elementor-section-boxed elementor-section-height-default elementor-section-height-default elementor-section elementor-top-section\" data-id=\"23f3128\" data-element_type=\"section\">\n\t\t\t\t\t\t<div class=\"elementor-container elementor-column-gap-default\">\n\t\t\t\t<div class=\"elementor-row\">\n\t\t\t\t<div class=\"elementor-element elementor-element-b205b58 elementor-column elementor-col-100 elementor-top-column\" data-id=\"b205b58\" data-element_type=\"column\">\n\t\t\t<div class=\"elementor-column-wrap  elementor-element-populated\">\n\t\t\t\t\t<div class=\"elementor-widget-wrap\">\n\t\t\t\t<section class=\"elementor-element elementor-element-ecadb6f elementor-section-boxed elementor-section-height-default elementor-section-height-default elementor-section elementor-inner-section\" data-id=\"ecadb6f\" data-element_type=\"section\">\n\t\t\t\t\t\t<div class=\"elementor-container elementor-column-gap-default\">\n\t\t\t\t<div class=\"elementor-row\">\n\t\t\t\t<div class=\"elementor-element elementor-element-425f443 elementor-column elementor-col-100 elementor-inner-column\" data-id=\"425f443\" data-element_type=\"column\">\n\t\t\t<div class=\"elementor-column-wrap  elementor-element-populated\">\n\t\t\t\t\t<div class=\"elementor-widget-wrap\">\n\t\t\t\t<div class=\"elementor-element elementor-element-ebf5568 elementor-widget elementor-widget-text-editor\" data-id=\"ebf5568\" data-element_type=\"widget\" data-widget_type=\"text-editor.default\">\n\t\t\t\t<div class=\"elementor-widget-container\">\n\t\t\t\t\t<div class=\"elementor-text-editor elementor-clearfix\"><p>Mi \u0107emo Vam obezbediti profesionalno vo\u0111stvo ka pravim prilikama, bez problema. Zajedno \u0107emo osmisliti i koordinirati prave tehnologije koje \u0107e biti prikladne Va\u0161em tempu, \u017eeljenoj dinamici poslovanja, strategiji i dugoro\u010dnim ciljevima.<\/p><\/div>\n\t\t\t\t<\/div>\n\t\t\t\t<\/div>\n\t\t\t\t\t\t<\/div>\n\t\t\t<\/div>\n\t\t<\/div>\n\t\t\t\t\t\t<\/div>\n\t\t\t<\/div>\n\t\t<\/section>\n\t\t\t\t\t\t<\/div>\n\t\t\t<\/div>\n\t\t<\/div>\n\t\t\t\t\t\t<\/div>\n\t\t\t<\/div>\n\t\t<\/section>\n\t\t\t\t<section class=\"elementor-element elementor-element-5bdqwq8 elementor-section-boxed elementor-section-height-default elementor-section-height-default elementor-section elementor-top-section\" data-id=\"5bdqwq8\" data-element_type=\"section\">\n\t\t\t\t\t\t<div class=\"elementor-container elementor-column-gap-default\">\n\t\t\t\t<div class=\"elementor-row\">\n\t\t\t\t<div class=\"elementor-element elementor-element-grztuyd elementor-column elementor-col-100 elementor-top-column\" data-id=\"grztuyd\" data-element_type=\"column\">\n\t\t\t<div class=\"elementor-column-wrap  elementor-element-populated\">\n\t\t\t\t\t<div class=\"elementor-widget-wrap\">\n\t\t\t\t<div class=\"elementor-element elementor-element-rhk7mhr elementor-widget elementor-widget-spacer\" data-id=\"rhk7mhr\" data-element_type=\"widget\" data-widget_type=\"spacer.default\">\n\t\t\t\t<div class=\"elementor-widget-container\">\n\t\t\t\t\t<div class=\"elementor-spacer\">\n\t\t\t<div class=\"elementor-spacer-inner\"><\/div>\n\t\t<\/div>\n\t\t\t\t<\/div>\n\t\t\t\t<\/div>\n\t\t\t\t<div class=\"elementor-element elementor-element-ffsetw7 elementor-widget elementor-widget-accordion\" data-id=\"ffsetw7\" data-element_type=\"widget\" data-widget_type=\"accordion.default\">\n\t\t\t\t<div class=\"elementor-widget-container\">\n\t\t\t\t\t<div class=\"elementor-accordion\" role=\"tablist\">\n\t\t\t\t\t\t\t<div class=\"elementor-accordion-item\">\n\t\t\t\t\t<div id=\"elementor-tab-title-6551\" class=\"elementor-tab-title\" data-tab=\"1\" role=\"tab\" aria-controls=\"elementor-tab-content-6551\">\n\t\t\t\t\t\t\t\t\t\t\t\t\t<span class=\"elementor-accordion-icon elementor-accordion-icon-right\" aria-hidden=\"true\">\n\t\t\t\t\t\t\t\t\t\t\t\t\t\t\t<span class=\"elementor-accordion-icon-closed\"><i class=\"fas fa-plus\"><\/i><\/span>\n\t\t\t\t\t\t\t\t<span class=\"elementor-accordion-icon-opened\"><i class=\"fas fa-minus\"><\/i><\/span>\n\t\t\t\t\t\t\t\t\t\t\t\t\t\t<\/span>\n\t\t\t\t\t\t\t\t\t\t\t\t<a class=\"elementor-accordion-title\" href=\"\">1. Razvijte i usavr\u0161ite svoju IT strategiju<\/a>\n\t\t\t\t\t<\/div>\n\t\t\t\t\t<div id=\"elementor-tab-content-6551\" class=\"elementor-tab-content elementor-clearfix\" data-tab=\"1\" role=\"tabpanel\" aria-labelledby=\"elementor-tab-title-6551\"><p>Uz na\u0161u pomo\u0107, mo\u0107i \u0107ete da precizno sagledate stanje svojih IT sistema i da razvijete pravi plan visokotehnolo\u0161kog unapre\u0111enja koji \u0107e se uklopiti u dugoro\u010dne ciljeve Va\u0161e organizacije. Obezbedi\u0107emo vam mogu\u0107nost da ostanete fleksibilni i da u svojoj organizaciji kreirate nove mogu\u0107nosti i kompetencije. Jasan program razvoja i precizno vo\u0111stvo \u0107e omogu\u0107iti sigurnost u pozitivne rezultate.<\/p><\/div>\n\t\t\t\t<\/div>\n\t\t\t\t\t\t\t<div class=\"elementor-accordion-item\">\n\t\t\t\t\t<div id=\"elementor-tab-title-6552\" class=\"elementor-tab-title\" data-tab=\"2\" role=\"tab\" aria-controls=\"elementor-tab-content-6552\">\n\t\t\t\t\t\t\t\t\t\t\t\t\t<span class=\"elementor-accordion-icon elementor-accordion-icon-right\" aria-hidden=\"true\">\n\t\t\t\t\t\t\t\t\t\t\t\t\t\t\t<span class=\"elementor-accordion-icon-closed\"><i class=\"fas fa-plus\"><\/i><\/span>\n\t\t\t\t\t\t\t\t<span class=\"elementor-accordion-icon-opened\"><i class=\"fas fa-minus\"><\/i><\/span>\n\t\t\t\t\t\t\t\t\t\t\t\t\t\t<\/span>\n\t\t\t\t\t\t\t\t\t\t\t\t<a class=\"elementor-accordion-title\" href=\"\"> 2. Identifikujte rizike na vreme<\/a>\n\t\t\t\t\t<\/div>\n\t\t\t\t\t<div id=\"elementor-tab-content-6552\" class=\"elementor-tab-content elementor-clearfix\" data-tab=\"2\" role=\"tabpanel\" aria-labelledby=\"elementor-tab-title-6552\"><p>Kada se Va\u0161 posao zasniva na informacionim tehnologijama, morate biti sigurni u svoju tehnolo\u0161ku platformu. Na prvom mestu, ona mora biti sigurna i stabilna. Kroz konsultacije sa nama, svi potencijalni rizici po poslovni kontinuitet, kao \u0161to su izvori pretnji i smetnji, zagu\u0161enja i izvori gre\u0161aka u komunikaciji \u0107e biti efikasno identifikovani i predupre\u0111eni.<\/p><\/div>\n\t\t\t\t<\/div>\n\t\t\t\t\t\t\t<div class=\"elementor-accordion-item\">\n\t\t\t\t\t<div id=\"elementor-tab-title-6553\" class=\"elementor-tab-title\" data-tab=\"3\" role=\"tab\" aria-controls=\"elementor-tab-content-6553\">\n\t\t\t\t\t\t\t\t\t\t\t\t\t<span class=\"elementor-accordion-icon elementor-accordion-icon-right\" aria-hidden=\"true\">\n\t\t\t\t\t\t\t\t\t\t\t\t\t\t\t<span class=\"elementor-accordion-icon-closed\"><i class=\"fas fa-plus\"><\/i><\/span>\n\t\t\t\t\t\t\t\t<span class=\"elementor-accordion-icon-opened\"><i class=\"fas fa-minus\"><\/i><\/span>\n\t\t\t\t\t\t\t\t\t\t\t\t\t\t<\/span>\n\t\t\t\t\t\t\t\t\t\t\t\t<a class=\"elementor-accordion-title\" href=\"\">3. Odaberite pravu kombinaciju tehnologija<\/a>\n\t\t\t\t\t<\/div>\n\t\t\t\t\t<div id=\"elementor-tab-content-6553\" class=\"elementor-tab-content elementor-clearfix\" data-tab=\"3\" role=\"tabpanel\" aria-labelledby=\"elementor-tab-title-6553\"><p>Kroz preporuke i savete, proistekle iz analize Va\u0161ih potreba i zahteva, odabra\u0107emo i preporu\u010diti prave tehnolo\u0161ke platforme i alate, koji \u0107e biti po meri va\u0161eg operativnog modela.<\/p><p>Bi\u0107emo Vam stru\u010dan savetnik i osmisliti pravi prilaz za njihovu integraciju u IT ekosistem Va\u0161e organizacije.<\/p><\/div>\n\t\t\t\t<\/div>\n\t\t\t\t\t\t\t<div class=\"elementor-accordion-item\">\n\t\t\t\t\t<div id=\"elementor-tab-title-6554\" class=\"elementor-tab-title\" data-tab=\"4\" role=\"tab\" aria-controls=\"elementor-tab-content-6554\">\n\t\t\t\t\t\t\t\t\t\t\t\t\t<span class=\"elementor-accordion-icon elementor-accordion-icon-right\" aria-hidden=\"true\">\n\t\t\t\t\t\t\t\t\t\t\t\t\t\t\t<span class=\"elementor-accordion-icon-closed\"><i class=\"fas fa-plus\"><\/i><\/span>\n\t\t\t\t\t\t\t\t<span class=\"elementor-accordion-icon-opened\"><i class=\"fas fa-minus\"><\/i><\/span>\n\t\t\t\t\t\t\t\t\t\t\t\t\t\t<\/span>\n\t\t\t\t\t\t\t\t\t\t\t\t<a class=\"elementor-accordion-title\" href=\"\">4. Planirajte implementaciju novih tehnologija<\/a>\n\t\t\t\t\t<\/div>\n\t\t\t\t\t<div id=\"elementor-tab-content-6554\" class=\"elementor-tab-content elementor-clearfix\" data-tab=\"4\" role=\"tabpanel\" aria-labelledby=\"elementor-tab-title-6554\"><p>Kroz neprekidno istra\u017eivanje novih i novonastaju\u0107ih tehnologija, mi stvaramo fond znanja o tome kako one mogu uticati na poslovanje, kakve koristi donose, ali i kakvi su njihovi nedostaci i izazovi koji ih prate. Pri tom pokrivamo sve aspekte, od bud\u017eetskih, preko implementacija do ROI prognoza.<\/p><\/div>\n\t\t\t\t<\/div>\n\t\t\t\t\t\t\t<div class=\"elementor-accordion-item\">\n\t\t\t\t\t<div id=\"elementor-tab-title-6555\" class=\"elementor-tab-title\" data-tab=\"5\" role=\"tab\" aria-controls=\"elementor-tab-content-6555\">\n\t\t\t\t\t\t\t\t\t\t\t\t\t<span class=\"elementor-accordion-icon elementor-accordion-icon-right\" aria-hidden=\"true\">\n\t\t\t\t\t\t\t\t\t\t\t\t\t\t\t<span class=\"elementor-accordion-icon-closed\"><i class=\"fas fa-plus\"><\/i><\/span>\n\t\t\t\t\t\t\t\t<span class=\"elementor-accordion-icon-opened\"><i class=\"fas fa-minus\"><\/i><\/span>\n\t\t\t\t\t\t\t\t\t\t\t\t\t\t<\/span>\n\t\t\t\t\t\t\t\t\t\t\t\t<a class=\"elementor-accordion-title\" href=\"\">5. Identifikujte i isplanirajte prilike za investicije<\/a>\n\t\t\t\t\t<\/div>\n\t\t\t\t\t<div id=\"elementor-tab-content-6555\" class=\"elementor-tab-content elementor-clearfix\" data-tab=\"5\" role=\"tabpanel\" aria-labelledby=\"elementor-tab-title-6555\"><p>Uz nas \u0107ete mo\u0107i da birate i potencirate tehnolo\u0161ke inicijative koje \u0107e omogu\u0107iti da postignete poslovne i strate\u0161ke ciljeve. Verifikova\u0107emo i ispitati svaki predlo\u017eeni IT poduhvat, definisati njegov potencijal, orijentisati ga u vremenu i finansijama.<\/p><\/div>\n\t\t\t\t<\/div>\n\t\t\t\t\t\t\t<div class=\"elementor-accordion-item\">\n\t\t\t\t\t<div id=\"elementor-tab-title-6556\" class=\"elementor-tab-title\" data-tab=\"6\" role=\"tab\" aria-controls=\"elementor-tab-content-6556\">\n\t\t\t\t\t\t\t\t\t\t\t\t\t<span class=\"elementor-accordion-icon elementor-accordion-icon-right\" aria-hidden=\"true\">\n\t\t\t\t\t\t\t\t\t\t\t\t\t\t\t<span class=\"elementor-accordion-icon-closed\"><i class=\"fas fa-plus\"><\/i><\/span>\n\t\t\t\t\t\t\t\t<span class=\"elementor-accordion-icon-opened\"><i class=\"fas fa-minus\"><\/i><\/span>\n\t\t\t\t\t\t\t\t\t\t\t\t\t\t<\/span>\n\t\t\t\t\t\t\t\t\t\t\t\t<a class=\"elementor-accordion-title\" href=\"\">6. U sferi tehnolo\u0161kih konsultacija, prednost dajemo:<\/a>\n\t\t\t\t\t<\/div>\n\t\t\t\t\t<div id=\"elementor-tab-content-6556\" class=\"elementor-tab-content elementor-clearfix\" data-tab=\"6\" role=\"tabpanel\" aria-labelledby=\"elementor-tab-title-6556\"><ul><li>Gap analizi<\/li><li>Arhitekturnim analizama<\/li><li>Programima razvoja inovacija<\/li><li>Programima IT modernizacije<\/li><li>Programima digitalne transformacije<\/li><li>Bud\u017eetskim procenama<\/li><li>Izboru tehnologija i vendora<\/li><\/ul><\/div>\n\t\t\t\t<\/div>\n\t\t\t\t\t\t\t<div class=\"elementor-accordion-item\">\n\t\t\t\t\t<div id=\"elementor-tab-title-6557\" class=\"elementor-tab-title\" data-tab=\"7\" role=\"tab\" aria-controls=\"elementor-tab-content-6557\">\n\t\t\t\t\t\t\t\t\t\t\t\t\t<span class=\"elementor-accordion-icon elementor-accordion-icon-right\" aria-hidden=\"true\">\n\t\t\t\t\t\t\t\t\t\t\t\t\t\t\t<span class=\"elementor-accordion-icon-closed\"><i class=\"fas fa-plus\"><\/i><\/span>\n\t\t\t\t\t\t\t\t<span class=\"elementor-accordion-icon-opened\"><i class=\"fas fa-minus\"><\/i><\/span>\n\t\t\t\t\t\t\t\t\t\t\t\t\t\t<\/span>\n\t\t\t\t\t\t\t\t\t\t\t\t<a class=\"elementor-accordion-title\" href=\"\">7. Tipi\u010dan ciklus jednog na\u0161eg poduhvata<\/a>\n\t\t\t\t\t<\/div>\n\t\t\t\t\t<div id=\"elementor-tab-content-6557\" class=\"elementor-tab-content elementor-clearfix\" data-tab=\"7\" role=\"tabpanel\" aria-labelledby=\"elementor-tab-title-6557\"><ol><li><strong>Prikupljanje informacija sa ciljem da se sa\u010dini slika sada\u0161nje arhitekture<br \/><\/strong>Kroz planirane razgovore i direktan uvid u stanje pojedinih sistema, na\u0161i stru\u010dnjaci svoj rad zapo\u010dinju prikupljanjem informacija o stanju postoje\u0107ih kapaciteta i okru\u017eenju u kome se odvijaju procesi. Ovako sakupljeni podaci se podvrgavaju kontekstnoj analizi \u0161to dovodi do identifikacije svih nedostataka i oblasti u kojima je potrebno pobolj\u0161anje<\/li><\/ol><ol start=\"2\"><li><strong>Analiza IT potencijala<br \/><\/strong>Analizira\u0107emo, isplanirati i izbalansirati sve sposobnosti i kompetencije u IT-u preduze\u0107a. Ljude i njihove ve\u0161tine i znanja, opremu i bud\u017eetske okvire.<br \/>Zatim \u0107emo identifikovati operativne zahteve i izraditi scenario za alokaciju i nabavku resursa.<\/li><\/ol><ol start=\"3\"><li><strong>Sveobuhvatna i nepristrasna procena<br \/><\/strong>Analiza prethodno uo\u010denih problemati\u010dnih oblasti od <em>stanja kakvo jeste<\/em> ka <em>stanju kakvo bi trebalo da bude<\/em>. Primarna svrha rada u ovoj fazi je detaljan izve\u0161taj koji odslikava konceptualnu viziju \u017eeljenog krajnjeg stanja.<\/li><\/ol><ol start=\"4\"><li><strong>Izrada predloga re\u0161enja<br \/><\/strong>Na\u0161i eksperti \u0107e definisati mogu\u0107a re\u0161enja za sve otkrivene nedostatke i re\u0161enja za sva zahtevana pobolj\u0161anja. Opravda\u0107e i odbraniti njihovu odr\u017eivost, primenjivost i isplativost.<\/li><\/ol><p>Na kraju konsultativnog ciklusa nastaje glavni proizvod \u2013 predlog i prikaz pobolj\u0161anja u formi detaljnih poslovnih slu\u010dajeva i planova i programa modernizacije.<\/p><\/div>\n\t\t\t\t<\/div>\n\t\t\t\t\t<\/div>\n\t\t\t\t<\/div>\n\t\t\t\t<\/div>\n\t\t\t\t\t\t<\/div>\n\t\t\t<\/div>\n\t\t<\/div>\n\t\t\t\t\t\t<\/div>\n\t\t\t<\/div>\n\t\t<\/section>\n\t\t\t\t\t\t<\/div>\n\t\t\t<\/div>\n\t\t<\/div>\n\t\t","protected":false},"excerpt":{"rendered":"<p>NA\u0160E USLUGE TEHNOLO\u0160KE Konsultacije OSLONITE SE NA EKSPERTE \u010cIJA \u0106E MISIJA BITI DA ODABERU NAJBOLJA RE\u0160ENJA ZA VA\u0160E POSLOVANJE. Prikladna i kvalitetna tehnolo\u0161ka podr\u0161ka je presudna podr\u0161ka rastu va\u0161eg poslovanja. Rad na pravim aktivnostima u pravo vreme je presudni faktor u efikasnosti i poslovnoj vrednosti svih poduhvata vezanih u IT sektoru. Sa pravom kombinacijom softvera &hellip;<\/p>\n","protected":false},"author":1,"featured_media":0,"parent":0,"menu_order":0,"comment_status":"closed","ping_status":"closed","template":"","meta":[],"_links":{"self":[{"href":"http:\/\/www.s4s.rs\/index.php?rest_route=\/wp\/v2\/pages\/2286"}],"collection":[{"href":"http:\/\/www.s4s.rs\/index.php?rest_route=\/wp\/v2\/pages"}],"about":[{"href":"http:\/\/www.s4s.rs\/index.php?rest_route=\/wp\/v2\/types\/page"}],"author":[{"embeddable":true,"href":"http:\/\/www.s4s.rs\/index.php?rest_route=\/wp\/v2\/users\/1"}],"replies":[{"embeddable":true,"href":"http:\/\/www.s4s.rs\/index.php?rest_route=%2Fwp%2Fv2%2Fcomments&post=2286"}],"version-history":[{"count":8,"href":"http:\/\/www.s4s.rs\/index.php?rest_route=\/wp\/v2\/pages\/2286\/revisions"}],"predecessor-version":[{"id":2985,"href":"http:\/\/www.s4s.rs\/index.php?rest_route=\/wp\/v2\/pages\/2286\/revisions\/2985"}],"wp:attachment":[{"href":"http:\/\/www.s4s.rs\/index.php?rest_route=%2Fwp%2Fv2%2Fmedia&parent=2286"}],"curies":[{"name":"wp","href":"https:\/\/api.w.org\/{rel}","templated":true}]}}