{"id":2290,"date":"2019-03-14T13:02:39","date_gmt":"2019-03-14T13:02:39","guid":{"rendered":"http:\/\/www.s4s.rs\/?page_id=2290"},"modified":"2019-03-21T22:24:02","modified_gmt":"2019-03-21T22:24:02","slug":"poslovne-analize","status":"publish","type":"page","link":"http:\/\/www.s4s.rs\/?page_id=2290","title":{"rendered":"POSLOVNE ANALIZE"},"content":{"rendered":"\t\t<div data-elementor-type=\"wp-post\" data-elementor-id=\"2290\" class=\"elementor elementor-2290\" data-elementor-settings=\"[]\">\n\t\t\t<div class=\"elementor-inner\">\n\t\t\t\t<div class=\"elementor-section-wrap\">\n\t\t\t\t\t\t\t<section class=\"elementor-element elementor-element-0d9b294 elementor-section-boxed elementor-section-height-default elementor-section-height-default elementor-section elementor-top-section\" data-id=\"0d9b294\" data-element_type=\"section\" data-settings=\"{&quot;background_background&quot;:&quot;classic&quot;}\">\n\t\t\t\t\t\t\t<div class=\"elementor-background-overlay\"><\/div>\n\t\t\t\t\t\t\t<div class=\"elementor-container elementor-column-gap-default\">\n\t\t\t\t<div class=\"elementor-row\">\n\t\t\t\t<div class=\"elementor-element elementor-element-wg09lq0 elementor-column elementor-col-50 elementor-top-column\" data-id=\"wg09lq0\" data-element_type=\"column\">\n\t\t\t<div class=\"elementor-column-wrap  elementor-element-populated\">\n\t\t\t\t\t<div class=\"elementor-widget-wrap\">\n\t\t\t\t<div class=\"elementor-element elementor-element-gq1ngdx elementor-widget elementor-widget-heading\" data-id=\"gq1ngdx\" data-element_type=\"widget\" data-widget_type=\"heading.default\">\n\t\t\t\t<div class=\"elementor-widget-container\">\n\t\t\t<h6 class=\"elementor-heading-title elementor-size-default\">NA\u0160E USLUGE<\/h6>\t\t<\/div>\n\t\t\t\t<\/div>\n\t\t\t\t<div class=\"elementor-element elementor-element-imrpz3k elementor-widget elementor-widget-heading\" data-id=\"imrpz3k\" data-element_type=\"widget\" data-widget_type=\"heading.default\">\n\t\t\t\t<div class=\"elementor-widget-container\">\n\t\t\t<h2 class=\"elementor-heading-title elementor-size-default\">POSLOVNE <em>Analize<\/em><\/h2>\t\t<\/div>\n\t\t\t\t<\/div>\n\t\t\t\t<div class=\"elementor-element elementor-element-09k8t3h elementor-widget elementor-widget-divider\" data-id=\"09k8t3h\" data-element_type=\"widget\" data-widget_type=\"divider.default\">\n\t\t\t\t<div class=\"elementor-widget-container\">\n\t\t\t\t\t<div class=\"elementor-divider\">\n\t\t\t<span class=\"elementor-divider-separator\">\n\t\t\t\t\t\t<\/span>\n\t\t<\/div>\n\t\t\t\t<\/div>\n\t\t\t\t<\/div>\n\t\t\t\t<div class=\"elementor-element elementor-element-buazgk8 elementor-widget elementor-widget-text-editor\" data-id=\"buazgk8\" data-element_type=\"widget\" data-widget_type=\"text-editor.default\">\n\t\t\t\t<div class=\"elementor-widget-container\">\n\t\t\t\t\t<div class=\"elementor-text-editor elementor-clearfix\"><p>TRANSFORMACIJA VA\u0160IH POSLOVNIH CILJEVA U GOTOVA RE\u0160ENJA.<\/p><p>Steknite sigurnost u svoje poslovne ciljeve i prepustite nam da ih pretvorimo u gotova re\u0161enja. Poslovna analiza premo\u0161\u0107uje jaz izme\u0111u poslovnih ideja i tehnolo\u0161kih re\u0161enja. Ostvaruje se kroz niz aktivnosti koje Vam sve mi mo\u017eemo omogu\u0107iti. Procesni konsalting, otelotvorenje ideja i upravljanje zahtevima su samo neki od servisa koje su Vam na raspolaganju.<\/p><\/div>\n\t\t\t\t<\/div>\n\t\t\t\t<\/div>\n\t\t\t\t\t\t<\/div>\n\t\t\t<\/div>\n\t\t<\/div>\n\t\t\t\t<div class=\"elementor-element elementor-element-iwbaw3o elementor-column elementor-col-50 elementor-top-column\" data-id=\"iwbaw3o\" data-element_type=\"column\">\n\t\t\t<div class=\"elementor-column-wrap\">\n\t\t\t\t\t<div class=\"elementor-widget-wrap\">\n\t\t\t\t\t\t<\/div>\n\t\t\t<\/div>\n\t\t<\/div>\n\t\t\t\t\t\t<\/div>\n\t\t\t<\/div>\n\t\t<\/section>\n\t\t\t\t<section class=\"elementor-element elementor-element-3194e5e elementor-section-boxed elementor-section-height-default elementor-section-height-default elementor-section elementor-top-section\" data-id=\"3194e5e\" data-element_type=\"section\">\n\t\t\t\t\t\t<div class=\"elementor-container elementor-column-gap-default\">\n\t\t\t\t<div class=\"elementor-row\">\n\t\t\t\t<div class=\"elementor-element elementor-element-47ce168 elementor-column elementor-col-100 elementor-top-column\" data-id=\"47ce168\" data-element_type=\"column\">\n\t\t\t<div class=\"elementor-column-wrap  elementor-element-populated\">\n\t\t\t\t\t<div class=\"elementor-widget-wrap\">\n\t\t\t\t<section class=\"elementor-element elementor-element-2c307cb elementor-section-boxed elementor-section-height-default elementor-section-height-default elementor-section elementor-inner-section\" data-id=\"2c307cb\" data-element_type=\"section\">\n\t\t\t\t\t\t<div class=\"elementor-container elementor-column-gap-default\">\n\t\t\t\t<div class=\"elementor-row\">\n\t\t\t\t<div class=\"elementor-element elementor-element-72bb723 elementor-column elementor-col-100 elementor-inner-column\" data-id=\"72bb723\" data-element_type=\"column\">\n\t\t\t<div class=\"elementor-column-wrap  elementor-element-populated\">\n\t\t\t\t\t<div class=\"elementor-widget-wrap\">\n\t\t\t\t<div class=\"elementor-element elementor-element-f388e15 elementor-widget elementor-widget-text-editor\" data-id=\"f388e15\" data-element_type=\"widget\" data-widget_type=\"text-editor.default\">\n\t\t\t\t<div class=\"elementor-widget-container\">\n\t\t\t\t\t<div class=\"elementor-text-editor elementor-clearfix\"><p>Podr\u017ea\u0107emo Vas u upravljanju i unapre\u0111enju Va\u0161eg poslovanja i kroz znanje i inovacije podr\u017eati formiranje Va\u0161ih proizvoda.<\/p><\/div>\n\t\t\t\t<\/div>\n\t\t\t\t<\/div>\n\t\t\t\t\t\t<\/div>\n\t\t\t<\/div>\n\t\t<\/div>\n\t\t\t\t\t\t<\/div>\n\t\t\t<\/div>\n\t\t<\/section>\n\t\t\t\t\t\t<\/div>\n\t\t\t<\/div>\n\t\t<\/div>\n\t\t\t\t\t\t<\/div>\n\t\t\t<\/div>\n\t\t<\/section>\n\t\t\t\t<section class=\"elementor-element elementor-element-34f967d elementor-section-boxed elementor-section-height-default elementor-section-height-default elementor-section elementor-top-section\" data-id=\"34f967d\" data-element_type=\"section\">\n\t\t\t\t\t\t<div class=\"elementor-container elementor-column-gap-default\">\n\t\t\t\t<div class=\"elementor-row\">\n\t\t\t\t<div class=\"elementor-element elementor-element-257044e elementor-column elementor-col-100 elementor-top-column\" data-id=\"257044e\" data-element_type=\"column\">\n\t\t\t<div class=\"elementor-column-wrap  elementor-element-populated\">\n\t\t\t\t\t<div class=\"elementor-widget-wrap\">\n\t\t\t\t<div class=\"elementor-element elementor-element-5984aaa elementor-tabs-view-vertical elementor-widget elementor-widget-tabs\" data-id=\"5984aaa\" data-element_type=\"widget\" id=\"bussines-anlise-tabs\" data-widget_type=\"tabs.default\">\n\t\t\t\t<div class=\"elementor-widget-container\">\n\t\t\t\t\t<div class=\"elementor-tabs\" role=\"tablist\">\n\t\t\t<div class=\"elementor-tabs-wrapper\">\n\t\t\t\t\t\t\t\t\t<div id=\"elementor-tab-title-9381\" class=\"elementor-tab-title elementor-tab-desktop-title\" data-tab=\"1\" role=\"tab\" aria-controls=\"elementor-tab-content-9381\"><a href=\"\">PODR\u0160KA FORMIRANJU IDEJA<\/a><\/div>\n\t\t\t\t\t\t\t\t\t<div id=\"elementor-tab-title-9382\" class=\"elementor-tab-title elementor-tab-desktop-title\" data-tab=\"2\" role=\"tab\" aria-controls=\"elementor-tab-content-9382\"><a href=\"\">RAZVOJ POSLOVNIH SLU\u010cAJEVA<\/a><\/div>\n\t\t\t\t\t\t\t\t\t<div id=\"elementor-tab-title-9383\" class=\"elementor-tab-title elementor-tab-desktop-title\" data-tab=\"3\" role=\"tab\" aria-controls=\"elementor-tab-content-9383\"><a href=\"\">BEN\u010cMARKING<\/a><\/div>\n\t\t\t\t\t\t\t\t\t<div id=\"elementor-tab-title-9384\" class=\"elementor-tab-title elementor-tab-desktop-title\" data-tab=\"4\" role=\"tab\" aria-controls=\"elementor-tab-content-9384\"><a href=\"\">OPTIMIZACIJA POSLOVNIH PROCESA<\/a><\/div>\n\t\t\t\t\t\t\t\t\t<div id=\"elementor-tab-title-9385\" class=\"elementor-tab-title elementor-tab-desktop-title\" data-tab=\"5\" role=\"tab\" aria-controls=\"elementor-tab-content-9385\"><a href=\"\">FORMIRANJE RFP<\/a><\/div>\n\t\t\t\t\t\t\t<\/div>\n\t\t\t<div class=\"elementor-tabs-content-wrapper\">\n\t\t\t\t\t\t\t\t\t<div class=\"elementor-tab-title elementor-tab-mobile-title\" data-tab=\"1\" role=\"tab\">PODR\u0160KA FORMIRANJU IDEJA<\/div>\n\t\t\t\t\t<div id=\"elementor-tab-content-9381\" class=\"elementor-tab-content elementor-clearfix\" data-tab=\"1\" role=\"tabpanel\" aria-labelledby=\"elementor-tab-title-9381\"><p>Prilikom pru\u017eanja ove vrste podr\u0161ke razvoju re\u0161enja, primenjujemo iskustvo i kreativan pristup dizajnu kako bismo osigurali njegovu prikladnost tr\u017ei\u0161tu<\/p><\/div>\n\t\t\t\t\t\t\t\t\t<div class=\"elementor-tab-title elementor-tab-mobile-title\" data-tab=\"2\" role=\"tab\">RAZVOJ POSLOVNIH SLU\u010cAJEVA<\/div>\n\t\t\t\t\t<div id=\"elementor-tab-content-9382\" class=\"elementor-tab-content elementor-clearfix\" data-tab=\"2\" role=\"tabpanel\" aria-labelledby=\"elementor-tab-title-9382\"><p>U iznala\u017eenju najbolje opcije za unapre\u0111enje IT re\u0161enja, potrebno je ispitati, istra\u017eiti i analizirati alternative. Informisanjem o svim relevantnim opcijama, ostvaruje se va\u017ena podr\u0161ka dono\u0161enju kvalifikovanih i racionalnih odluka.<\/p><\/div>\n\t\t\t\t\t\t\t\t\t<div class=\"elementor-tab-title elementor-tab-mobile-title\" data-tab=\"3\" role=\"tab\">BEN\u010cMARKING<\/div>\n\t\t\t\t\t<div id=\"elementor-tab-content-9383\" class=\"elementor-tab-content elementor-clearfix\" data-tab=\"3\" role=\"tabpanel\" aria-labelledby=\"elementor-tab-title-9383\"><p>Jedan od na\u010dina da se re\u0161i nesigurnost u IT re\u0161enje, koja spre\u010dava njegov dalji razvoj i napredak, je pribe\u0107i ben\u010dmarkingu. Uporedi\u0107emo Va\u0161e procese i performanse sa vode\u0107im iz industrije i u odnosu na najbolje poslovne prakse iz drugih kompanija. Merenjem i pore\u0111enjem konkretnih indikatora identifikova\u0107emo oblasti u kojima je potrebno primeniti pobolj\u0161anja.<\/p><\/div>\n\t\t\t\t\t\t\t\t\t<div class=\"elementor-tab-title elementor-tab-mobile-title\" data-tab=\"4\" role=\"tab\">OPTIMIZACIJA POSLOVNIH PROCESA<\/div>\n\t\t\t\t\t<div id=\"elementor-tab-content-9384\" class=\"elementor-tab-content elementor-clearfix\" data-tab=\"4\" role=\"tabpanel\" aria-labelledby=\"elementor-tab-title-9384\"><p>Sprove\u0161\u0107emo detaljne procesne analize i izna\u0107i pobolj\u0161anja kojima \u0107e se posti\u0107i pove\u0107anje efikasnosti i pove\u0107ati profit i smanjiti operativni tro\u0161kovi.<\/p><h4><strong>\u00a0<\/strong><\/h4><\/div>\n\t\t\t\t\t\t\t\t\t<div class=\"elementor-tab-title elementor-tab-mobile-title\" data-tab=\"5\" role=\"tab\">FORMIRANJE RFP<\/div>\n\t\t\t\t\t<div id=\"elementor-tab-content-9385\" class=\"elementor-tab-content elementor-clearfix\" data-tab=\"5\" role=\"tabpanel\" aria-labelledby=\"elementor-tab-title-9385\"><p>Zajedno \u0107emo formirati dobro zaokru\u017eene zahteve za ponude, koji pokrivaju sve kriti\u010dne aspekte i pitanja u vezi sa Va\u0161im proizvodom bilo da su ona iz oblasti IT ili ostalih.<\/p><\/div>\n\t\t\t\t\t\t\t<\/div>\n\t\t<\/div>\n\t\t\t\t<\/div>\n\t\t\t\t<\/div>\n\t\t\t\t\t\t<\/div>\n\t\t\t<\/div>\n\t\t<\/div>\n\t\t\t\t\t\t<\/div>\n\t\t\t<\/div>\n\t\t<\/section>\n\t\t\t\t\t\t<\/div>\n\t\t\t<\/div>\n\t\t<\/div>\n\t\t","protected":false},"excerpt":{"rendered":"<p>NA\u0160E USLUGE POSLOVNE Analize TRANSFORMACIJA VA\u0160IH POSLOVNIH CILJEVA U GOTOVA RE\u0160ENJA. Steknite sigurnost u svoje poslovne ciljeve i prepustite nam da ih pretvorimo u gotova re\u0161enja. Poslovna analiza premo\u0161\u0107uje jaz izme\u0111u poslovnih ideja i tehnolo\u0161kih re\u0161enja. Ostvaruje se kroz niz aktivnosti koje Vam sve mi mo\u017eemo omogu\u0107iti. Procesni konsalting, otelotvorenje ideja i upravljanje zahtevima su &hellip;<\/p>\n","protected":false},"author":1,"featured_media":0,"parent":0,"menu_order":0,"comment_status":"closed","ping_status":"closed","template":"","meta":[],"_links":{"self":[{"href":"http:\/\/www.s4s.rs\/index.php?rest_route=\/wp\/v2\/pages\/2290"}],"collection":[{"href":"http:\/\/www.s4s.rs\/index.php?rest_route=\/wp\/v2\/pages"}],"about":[{"href":"http:\/\/www.s4s.rs\/index.php?rest_route=\/wp\/v2\/types\/page"}],"author":[{"embeddable":true,"href":"http:\/\/www.s4s.rs\/index.php?rest_route=\/wp\/v2\/users\/1"}],"replies":[{"embeddable":true,"href":"http:\/\/www.s4s.rs\/index.php?rest_route=%2Fwp%2Fv2%2Fcomments&post=2290"}],"version-history":[{"count":13,"href":"http:\/\/www.s4s.rs\/index.php?rest_route=\/wp\/v2\/pages\/2290\/revisions"}],"predecessor-version":[{"id":2984,"href":"http:\/\/www.s4s.rs\/index.php?rest_route=\/wp\/v2\/pages\/2290\/revisions\/2984"}],"wp:attachment":[{"href":"http:\/\/www.s4s.rs\/index.php?rest_route=%2Fwp%2Fv2%2Fmedia&parent=2290"}],"curies":[{"name":"wp","href":"https:\/\/api.w.org\/{rel}","templated":true}]}}