{"id":2292,"date":"2019-03-14T13:03:02","date_gmt":"2019-03-14T13:03:02","guid":{"rendered":"http:\/\/www.s4s.rs\/?page_id=2292"},"modified":"2019-03-21T22:25:38","modified_gmt":"2019-03-21T22:25:38","slug":"testiranje-i-kontrola-kvaliteta","status":"publish","type":"page","link":"http:\/\/www.s4s.rs\/?page_id=2292","title":{"rendered":"TESTIRANJE I KONTROLA KVALITETA"},"content":{"rendered":"\t\t<div data-elementor-type=\"wp-post\" data-elementor-id=\"2292\" class=\"elementor elementor-2292\" data-elementor-settings=\"[]\">\n\t\t\t<div class=\"elementor-inner\">\n\t\t\t\t<div class=\"elementor-section-wrap\">\n\t\t\t\t\t\t\t<section class=\"elementor-element elementor-element-0d9b294 elementor-section-boxed elementor-section-height-default elementor-section-height-default elementor-section elementor-top-section\" data-id=\"0d9b294\" data-element_type=\"section\" data-settings=\"{&quot;background_background&quot;:&quot;classic&quot;}\">\n\t\t\t\t\t\t\t<div class=\"elementor-background-overlay\"><\/div>\n\t\t\t\t\t\t\t<div class=\"elementor-container elementor-column-gap-default\">\n\t\t\t\t<div class=\"elementor-row\">\n\t\t\t\t<div class=\"elementor-element elementor-element-wg09lq0 elementor-column elementor-col-50 elementor-top-column\" data-id=\"wg09lq0\" data-element_type=\"column\">\n\t\t\t<div class=\"elementor-column-wrap  elementor-element-populated\">\n\t\t\t\t\t<div class=\"elementor-widget-wrap\">\n\t\t\t\t<div class=\"elementor-element elementor-element-gq1ngdx elementor-widget elementor-widget-heading\" data-id=\"gq1ngdx\" data-element_type=\"widget\" data-widget_type=\"heading.default\">\n\t\t\t\t<div class=\"elementor-widget-container\">\n\t\t\t<h6 class=\"elementor-heading-title elementor-size-default\">NA\u0160E USLUGE<\/h6>\t\t<\/div>\n\t\t\t\t<\/div>\n\t\t\t\t<div class=\"elementor-element elementor-element-imrpz3k elementor-widget elementor-widget-heading\" data-id=\"imrpz3k\" data-element_type=\"widget\" data-widget_type=\"heading.default\">\n\t\t\t\t<div class=\"elementor-widget-container\">\n\t\t\t<h2 class=\"elementor-heading-title elementor-size-default\">TESTIRANJE <em>i kontrola kvaliteta<\/em><\/h2>\t\t<\/div>\n\t\t\t\t<\/div>\n\t\t\t\t<div class=\"elementor-element elementor-element-09k8t3h elementor-widget elementor-widget-divider\" data-id=\"09k8t3h\" data-element_type=\"widget\" data-widget_type=\"divider.default\">\n\t\t\t\t<div class=\"elementor-widget-container\">\n\t\t\t\t\t<div class=\"elementor-divider\">\n\t\t\t<span class=\"elementor-divider-separator\">\n\t\t\t\t\t\t<\/span>\n\t\t<\/div>\n\t\t\t\t<\/div>\n\t\t\t\t<\/div>\n\t\t\t\t<div class=\"elementor-element elementor-element-buazgk8 elementor-widget elementor-widget-text-editor\" data-id=\"buazgk8\" data-element_type=\"widget\" data-widget_type=\"text-editor.default\">\n\t\t\t\t<div class=\"elementor-widget-container\">\n\t\t\t\t\t<div class=\"elementor-text-editor elementor-clearfix\"><p>SNIZITE TRO\u0160KOVE TESTIRANJA, SKRATITE RAZVOJNE CIKLUSE I ODR\u017dITE KONSTANTO VISOK KVALITET SOFTVERA I USLUGA.<\/p><p>Na\u0161 stru\u010dni tim \u0107e se postarati za to da va\u0161 softver bude siguran, skalabilan i pouzdan, kao i da korisnicima pru\u017ea besprekorno dobar UX. Fokusira\u0107e se na agilne prakse i po meri formulisane pristupe upravljanja kvalitetom kako bi se postigao visok nivo optimizacije i efikasnosti procesa testiranja. U saradnji sa Vama \u0107e uspostaviti temeljite i sveobuhvatne procese testiranja, koji \u0107e za rezultat imati pove\u0107anje kvaliteta i pomo\u0107i Vam da ispunite svoja o\u010dekivanja i o\u010dekivanja klijenata.<\/p><\/div>\n\t\t\t\t<\/div>\n\t\t\t\t<\/div>\n\t\t\t\t\t\t<\/div>\n\t\t\t<\/div>\n\t\t<\/div>\n\t\t\t\t<div class=\"elementor-element elementor-element-iwbaw3o elementor-column elementor-col-50 elementor-top-column\" data-id=\"iwbaw3o\" data-element_type=\"column\">\n\t\t\t<div class=\"elementor-column-wrap\">\n\t\t\t\t\t<div class=\"elementor-widget-wrap\">\n\t\t\t\t\t\t<\/div>\n\t\t\t<\/div>\n\t\t<\/div>\n\t\t\t\t\t\t<\/div>\n\t\t\t<\/div>\n\t\t<\/section>\n\t\t\t\t<section class=\"elementor-element elementor-element-a412024 elementor-section-boxed elementor-section-height-default elementor-section-height-default elementor-section elementor-top-section\" data-id=\"a412024\" data-element_type=\"section\">\n\t\t\t\t\t\t<div class=\"elementor-container elementor-column-gap-default\">\n\t\t\t\t<div class=\"elementor-row\">\n\t\t\t\t<div class=\"elementor-element elementor-element-d767d3f elementor-column elementor-col-100 elementor-top-column\" data-id=\"d767d3f\" data-element_type=\"column\">\n\t\t\t<div class=\"elementor-column-wrap  elementor-element-populated\">\n\t\t\t\t\t<div class=\"elementor-widget-wrap\">\n\t\t\t\t<section class=\"elementor-element elementor-element-9bd2bdd elementor-section-boxed elementor-section-height-default elementor-section-height-default elementor-section elementor-inner-section\" data-id=\"9bd2bdd\" data-element_type=\"section\">\n\t\t\t\t\t\t<div class=\"elementor-container elementor-column-gap-default\">\n\t\t\t\t<div class=\"elementor-row\">\n\t\t\t\t<div class=\"elementor-element elementor-element-1f4236a elementor-column elementor-col-50 elementor-inner-column\" data-id=\"1f4236a\" data-element_type=\"column\">\n\t\t\t<div class=\"elementor-column-wrap  elementor-element-populated\">\n\t\t\t\t\t<div class=\"elementor-widget-wrap\">\n\t\t\t\t<div class=\"elementor-element elementor-element-db1baab elementor-widget elementor-widget-text-editor\" data-id=\"db1baab\" data-element_type=\"widget\" data-widget_type=\"text-editor.default\">\n\t\t\t\t<div class=\"elementor-widget-container\">\n\t\t\t\t\t<div class=\"elementor-text-editor elementor-clearfix\"><p>Pravilni QA je ono \u0161to omogu\u0107uje poslovnim sistemima da identifikuju i re\u0161e probleme brzo \u2013 pre nego \u0161to se njihov uticaj ispolji kod korisnika. Tako\u0111e, sveobuhvatni pristup testiranju kvaliteta ve\u0107 od ranih faza razvoja softvera \u0107e osigurati da Va\u0161a reputacija i kvalitet usluga i proizvoda ne budu dovedeni u pitanje.<\/p><\/div>\n\t\t\t\t<\/div>\n\t\t\t\t<\/div>\n\t\t\t\t\t\t<\/div>\n\t\t\t<\/div>\n\t\t<\/div>\n\t\t\t\t<div class=\"elementor-element elementor-element-8c99169 elementor-column elementor-col-50 elementor-inner-column\" data-id=\"8c99169\" data-element_type=\"column\">\n\t\t\t<div class=\"elementor-column-wrap  elementor-element-populated\">\n\t\t\t\t\t<div class=\"elementor-widget-wrap\">\n\t\t\t\t<div class=\"elementor-element elementor-element-cd100d3 elementor-widget elementor-widget-text-editor\" data-id=\"cd100d3\" data-element_type=\"widget\" data-widget_type=\"text-editor.default\">\n\t\t\t\t<div class=\"elementor-widget-container\">\n\t\t\t\t\t<div class=\"elementor-text-editor elementor-clearfix\"><p>Mi vam u QA poslovnom segmentu mo\u017eemo pru\u017eiti slede\u0107e usluge:<\/p><ul><li>Upravljanje kvalitetom<\/li><li>QA konsalting<\/li><li>Testiranje sigurnosti<\/li><li>Testiranje performansi<\/li><li>Automatizaciju testiranja<\/li><li>Nezavisno testiranje<\/li><\/ul><\/div>\n\t\t\t\t<\/div>\n\t\t\t\t<\/div>\n\t\t\t\t\t\t<\/div>\n\t\t\t<\/div>\n\t\t<\/div>\n\t\t\t\t\t\t<\/div>\n\t\t\t<\/div>\n\t\t<\/section>\n\t\t\t\t\t\t<\/div>\n\t\t\t<\/div>\n\t\t<\/div>\n\t\t\t\t\t\t<\/div>\n\t\t\t<\/div>\n\t\t<\/section>\n\t\t\t\t<section class=\"elementor-element elementor-element-5bdqwq8 elementor-section-boxed elementor-section-height-default elementor-section-height-default elementor-section elementor-top-section\" data-id=\"5bdqwq8\" data-element_type=\"section\">\n\t\t\t\t\t\t<div class=\"elementor-container elementor-column-gap-default\">\n\t\t\t\t<div class=\"elementor-row\">\n\t\t\t\t<div class=\"elementor-element elementor-element-grztuyd elementor-column elementor-col-100 elementor-top-column\" data-id=\"grztuyd\" data-element_type=\"column\">\n\t\t\t<div class=\"elementor-column-wrap  elementor-element-populated\">\n\t\t\t\t\t<div class=\"elementor-widget-wrap\">\n\t\t\t\t<div class=\"elementor-element elementor-element-rhk7mhr elementor-widget elementor-widget-spacer\" data-id=\"rhk7mhr\" data-element_type=\"widget\" data-widget_type=\"spacer.default\">\n\t\t\t\t<div class=\"elementor-widget-container\">\n\t\t\t\t\t<div class=\"elementor-spacer\">\n\t\t\t<div class=\"elementor-spacer-inner\"><\/div>\n\t\t<\/div>\n\t\t\t\t<\/div>\n\t\t\t\t<\/div>\n\t\t\t\t<div class=\"elementor-element elementor-element-ffsetw7 elementor-widget elementor-widget-accordion\" data-id=\"ffsetw7\" data-element_type=\"widget\" data-widget_type=\"accordion.default\">\n\t\t\t\t<div class=\"elementor-widget-container\">\n\t\t\t\t\t<div class=\"elementor-accordion\" role=\"tablist\">\n\t\t\t\t\t\t\t<div class=\"elementor-accordion-item\">\n\t\t\t\t\t<div id=\"elementor-tab-title-6551\" class=\"elementor-tab-title\" data-tab=\"1\" role=\"tab\" aria-controls=\"elementor-tab-content-6551\">\n\t\t\t\t\t\t\t\t\t\t\t\t\t<span class=\"elementor-accordion-icon elementor-accordion-icon-right\" aria-hidden=\"true\">\n\t\t\t\t\t\t\t\t\t\t\t\t\t\t\t<span class=\"elementor-accordion-icon-closed\"><i class=\"fas fa-plus\"><\/i><\/span>\n\t\t\t\t\t\t\t\t<span class=\"elementor-accordion-icon-opened\"><i class=\"fas fa-minus\"><\/i><\/span>\n\t\t\t\t\t\t\t\t\t\t\t\t\t\t<\/span>\n\t\t\t\t\t\t\t\t\t\t\t\t<a class=\"elementor-accordion-title\" href=\"\">1. \u0160ta sve ovo zna\u010di za Vas?<\/a>\n\t\t\t\t\t<\/div>\n\t\t\t\t\t<div id=\"elementor-tab-content-6551\" class=\"elementor-tab-content elementor-clearfix\" data-tab=\"1\" role=\"tabpanel\" aria-labelledby=\"elementor-tab-title-6551\"><p><strong>Br\u017ee postizanje cilja <br \/><\/strong>Kroz testiranje performansi i automatizaciju testiranja od ranih faza razvoja, obezbe\u0111uje zna\u010dajno sni\u017eenje verovatno\u0107e da on bude ometen ili \u010dak blokiran zbog problema u kvalitetu ili performansama. Sve kriti\u010dne situacije bivaju rano identifikovane i predupre\u0111ene.<\/p><p><strong>Ispunjenje ciljeva i o\u010dekivanja<br \/><\/strong>Upravljanje kvalitetom i konsalting u vezi sa njim u spoju za nezavisnim testiranjem proizvoda i sistema bez izuzetka dovode do krajnjeg proizvoda koji je pouzdan i stabilan i pru\u017ea kvalitetno korisni\u010dko iskustvo.<\/p><p><strong>Obezbedite br\u017ei rast<br \/><\/strong>Kroz nezavisno testiranje i automatizaciju testiranja omogu\u0107i\u0107emo Vam da se brzo i nesmetano prilago\u0111avate promenama zahteva koji se postavljaju pred Va\u0161a IT re\u0161enja. Izbe\u0107i\u0107emo rizik i preduprediti mogu\u0107nosti za nastajanje zna\u010dajnih problema tokom transformacije sistema i njihovog skaliranja.<\/p><\/div>\n\t\t\t\t<\/div>\n\t\t\t\t\t\t\t<div class=\"elementor-accordion-item\">\n\t\t\t\t\t<div id=\"elementor-tab-title-6552\" class=\"elementor-tab-title\" data-tab=\"2\" role=\"tab\" aria-controls=\"elementor-tab-content-6552\">\n\t\t\t\t\t\t\t\t\t\t\t\t\t<span class=\"elementor-accordion-icon elementor-accordion-icon-right\" aria-hidden=\"true\">\n\t\t\t\t\t\t\t\t\t\t\t\t\t\t\t<span class=\"elementor-accordion-icon-closed\"><i class=\"fas fa-plus\"><\/i><\/span>\n\t\t\t\t\t\t\t\t<span class=\"elementor-accordion-icon-opened\"><i class=\"fas fa-minus\"><\/i><\/span>\n\t\t\t\t\t\t\t\t\t\t\t\t\t\t<\/span>\n\t\t\t\t\t\t\t\t\t\t\t\t<a class=\"elementor-accordion-title\" href=\"\"> 2. Sigurnosna testiranja<\/a>\n\t\t\t\t\t<\/div>\n\t\t\t\t\t<div id=\"elementor-tab-content-6552\" class=\"elementor-tab-content elementor-clearfix\" data-tab=\"2\" role=\"tabpanel\" aria-labelledby=\"elementor-tab-title-6552\"><p>Sprovode se na osnovu sigurnosnih zahteva koji su definisani za odre\u0111eni informacioni sistem, koji se tipi\u010dno odnose na poverljivost, integritet, autorizaciju, autentikaciju, dostupnost i neporecivost. Glavni zadatak testiranja je razotkrivanje nedostataka i propusta u sigurnosnim mehanizmima sa ciljem da se za\u0161tite podaci i obezbedi pravilno funkcionisanje.<\/p><\/div>\n\t\t\t\t<\/div>\n\t\t\t\t\t\t\t<div class=\"elementor-accordion-item\">\n\t\t\t\t\t<div id=\"elementor-tab-title-6553\" class=\"elementor-tab-title\" data-tab=\"3\" role=\"tab\" aria-controls=\"elementor-tab-content-6553\">\n\t\t\t\t\t\t\t\t\t\t\t\t\t<span class=\"elementor-accordion-icon elementor-accordion-icon-right\" aria-hidden=\"true\">\n\t\t\t\t\t\t\t\t\t\t\t\t\t\t\t<span class=\"elementor-accordion-icon-closed\"><i class=\"fas fa-plus\"><\/i><\/span>\n\t\t\t\t\t\t\t\t<span class=\"elementor-accordion-icon-opened\"><i class=\"fas fa-minus\"><\/i><\/span>\n\t\t\t\t\t\t\t\t\t\t\t\t\t\t<\/span>\n\t\t\t\t\t\t\t\t\t\t\t\t<a class=\"elementor-accordion-title\" href=\"\">3. Automatizacija testiranja<\/a>\n\t\t\t\t\t<\/div>\n\t\t\t\t\t<div id=\"elementor-tab-content-6553\" class=\"elementor-tab-content elementor-clearfix\" data-tab=\"3\" role=\"tabpanel\" aria-labelledby=\"elementor-tab-title-6553\"><p>Posti\u017ee se kroz upotrebu specijalizovanih softverskih alata koji za zadatak imaju da kontroli\u0161u i sprovode u delo proces testiranja, kao i da vr\u0161e kvalifikaciju rezultata kroz komparaciju percipiranih ishoda sa o\u010dekivanim. Najuspe\u0161niji i najkorisniji su kada se koriste za automatizaciju odre\u0111enih zadataka u odre\u0111enom procesu testiranja koji su repetitivni ili zahtevaju previ\u0161e slo\u017eene radnje, pa su zbog toga te\u0161ki za ru\u010dno sprovo\u0111enje.<br \/>Automatizacija testiranja je kriti\u010dna za postizanje kontinuirane isporuke softvera.<\/p><\/div>\n\t\t\t\t<\/div>\n\t\t\t\t\t\t\t<div class=\"elementor-accordion-item\">\n\t\t\t\t\t<div id=\"elementor-tab-title-6554\" class=\"elementor-tab-title\" data-tab=\"4\" role=\"tab\" aria-controls=\"elementor-tab-content-6554\">\n\t\t\t\t\t\t\t\t\t\t\t\t\t<span class=\"elementor-accordion-icon elementor-accordion-icon-right\" aria-hidden=\"true\">\n\t\t\t\t\t\t\t\t\t\t\t\t\t\t\t<span class=\"elementor-accordion-icon-closed\"><i class=\"fas fa-plus\"><\/i><\/span>\n\t\t\t\t\t\t\t\t<span class=\"elementor-accordion-icon-opened\"><i class=\"fas fa-minus\"><\/i><\/span>\n\t\t\t\t\t\t\t\t\t\t\t\t\t\t<\/span>\n\t\t\t\t\t\t\t\t\t\t\t\t<a class=\"elementor-accordion-title\" href=\"\">4. Testiranje performansi<\/a>\n\t\t\t\t\t<\/div>\n\t\t\t\t\t<div id=\"elementor-tab-content-6554\" class=\"elementor-tab-content elementor-clearfix\" data-tab=\"4\" role=\"tabpanel\" aria-labelledby=\"elementor-tab-title-6554\"><p>Slu\u017ei nam za ispitivanje kako se sistem pona\u0161a kada se izlo\u017ei odre\u0111enim optere\u0107enjima. Pona\u0161anje se ocenjuje sa aspekta stabilnosti pod visokim optere\u0107enjem, responzivnosti i promena u kvalitetu UX. Kroz testiranje performansi se otkrivaju, mere i ocenjuju ostali pokazatelji kvaliteta sistema kao \u0161to su skalabilnost, pouzdanost i potro\u0161nja resursa.<\/p><\/div>\n\t\t\t\t<\/div>\n\t\t\t\t\t\t\t<div class=\"elementor-accordion-item\">\n\t\t\t\t\t<div id=\"elementor-tab-title-6555\" class=\"elementor-tab-title\" data-tab=\"5\" role=\"tab\" aria-controls=\"elementor-tab-content-6555\">\n\t\t\t\t\t\t\t\t\t\t\t\t\t<span class=\"elementor-accordion-icon elementor-accordion-icon-right\" aria-hidden=\"true\">\n\t\t\t\t\t\t\t\t\t\t\t\t\t\t\t<span class=\"elementor-accordion-icon-closed\"><i class=\"fas fa-plus\"><\/i><\/span>\n\t\t\t\t\t\t\t\t<span class=\"elementor-accordion-icon-opened\"><i class=\"fas fa-minus\"><\/i><\/span>\n\t\t\t\t\t\t\t\t\t\t\t\t\t\t<\/span>\n\t\t\t\t\t\t\t\t\t\t\t\t<a class=\"elementor-accordion-title\" href=\"\">5. \u0160ta se testira?<\/a>\n\t\t\t\t\t<\/div>\n\t\t\t\t\t<div id=\"elementor-tab-content-6555\" class=\"elementor-tab-content elementor-clearfix\" data-tab=\"5\" role=\"tabpanel\" aria-labelledby=\"elementor-tab-title-6555\"><ul><li>Mobilne aplikacije<\/li><li>Web aplikacije<\/li><li>Desktop aplikacije<\/li><\/ul><\/div>\n\t\t\t\t<\/div>\n\t\t\t\t\t\t\t<div class=\"elementor-accordion-item\">\n\t\t\t\t\t<div id=\"elementor-tab-title-6556\" class=\"elementor-tab-title\" data-tab=\"6\" role=\"tab\" aria-controls=\"elementor-tab-content-6556\">\n\t\t\t\t\t\t\t\t\t\t\t\t\t<span class=\"elementor-accordion-icon elementor-accordion-icon-right\" aria-hidden=\"true\">\n\t\t\t\t\t\t\t\t\t\t\t\t\t\t\t<span class=\"elementor-accordion-icon-closed\"><i class=\"fas fa-plus\"><\/i><\/span>\n\t\t\t\t\t\t\t\t<span class=\"elementor-accordion-icon-opened\"><i class=\"fas fa-minus\"><\/i><\/span>\n\t\t\t\t\t\t\t\t\t\t\t\t\t\t<\/span>\n\t\t\t\t\t\t\t\t\t\t\t\t<a class=\"elementor-accordion-title\" href=\"\">6. Kako radimo?<\/a>\n\t\t\t\t\t<\/div>\n\t\t\t\t\t<div id=\"elementor-tab-content-6556\" class=\"elementor-tab-content elementor-clearfix\" data-tab=\"6\" role=\"tabpanel\" aria-labelledby=\"elementor-tab-title-6556\"><ol><li><strong>Razvije se i implementira strategija testiranja<br \/><\/strong>Formira se po meri zadatka, a na osnovu analize pristupa razvoju. \u00a0Strategija defini\u0161e put do ispunjavanja ciljeva testiranja kroz definisanje okru\u017eenja i pristupa testiranju. Pored ovoga, u strategiju se uklju\u010duju i metodologija testiranja novih funkcija kao i procena ukupnog vremena i resursa koji \u0107e se ulo\u017eiti u postavljanje testnog okru\u017eenja i sprovo\u0111enje testiranja. Tako\u0111e, u njoj se precizno defini\u0161u i tipovi testiranja koji \u0107e se primenjivati i ulazni i izlazni kriterijumi.<\/li><\/ol><p>Uz strategije, formuli\u0161u se planovi koji defini\u0161u obim testiranja, ciljeve, metode i zna\u010daj za svaki od zadataka.<\/p><p>Strategija defini\u0161e i na\u010dine na koje se kroz testiranje umanjuju rizici po uspeh projekta.<\/p><ol start=\"2\"><li><strong>Postavi se okru\u017eenje za testiranje<br \/><\/strong>Kada je strategija jasna, za testiranje se pripremi okru\u017eenje, koje se sastoji od hardvera i softvera koji imitiraju uobi\u010dajeno produkcijsko okru\u017eenje. Posebna pa\u017enja se posve\u0107uje preciznoj formulaciji konfiguracija koje sa svih aspekata moraju biti identi\u010dne produkcijskim.<\/li><\/ol><ol start=\"3\"><li><strong>Evaluiraju se i prezentuju rezultati<br \/><\/strong>Formiraju se detaljni izve\u0161taji koji pokrivaju rezultate svih relevantnih merenja kao \u0161to su npr. status izvr\u0161enja testiranja, mere performansi i naravno predmet i oblast koje je odre\u0111eni test obradio.<\/li><\/ol><\/div>\n\t\t\t\t<\/div>\n\t\t\t\t\t<\/div>\n\t\t\t\t<\/div>\n\t\t\t\t<\/div>\n\t\t\t\t\t\t<\/div>\n\t\t\t<\/div>\n\t\t<\/div>\n\t\t\t\t\t\t<\/div>\n\t\t\t<\/div>\n\t\t<\/section>\n\t\t\t\t\t\t<\/div>\n\t\t\t<\/div>\n\t\t<\/div>\n\t\t","protected":false},"excerpt":{"rendered":"<p>NA\u0160E USLUGE TESTIRANJE i kontrola kvaliteta SNIZITE TRO\u0160KOVE TESTIRANJA, SKRATITE RAZVOJNE CIKLUSE I ODR\u017dITE KONSTANTO VISOK KVALITET SOFTVERA I USLUGA. Na\u0161 stru\u010dni tim \u0107e se postarati za to da va\u0161 softver bude siguran, skalabilan i pouzdan, kao i da korisnicima pru\u017ea besprekorno dobar UX. Fokusira\u0107e se na agilne prakse i po meri formulisane pristupe upravljanja &hellip;<\/p>\n","protected":false},"author":1,"featured_media":0,"parent":0,"menu_order":0,"comment_status":"closed","ping_status":"closed","template":"","meta":[],"_links":{"self":[{"href":"http:\/\/www.s4s.rs\/index.php?rest_route=\/wp\/v2\/pages\/2292"}],"collection":[{"href":"http:\/\/www.s4s.rs\/index.php?rest_route=\/wp\/v2\/pages"}],"about":[{"href":"http:\/\/www.s4s.rs\/index.php?rest_route=\/wp\/v2\/types\/page"}],"author":[{"embeddable":true,"href":"http:\/\/www.s4s.rs\/index.php?rest_route=\/wp\/v2\/users\/1"}],"replies":[{"embeddable":true,"href":"http:\/\/www.s4s.rs\/index.php?rest_route=%2Fwp%2Fv2%2Fcomments&post=2292"}],"version-history":[{"count":8,"href":"http:\/\/www.s4s.rs\/index.php?rest_route=\/wp\/v2\/pages\/2292\/revisions"}],"predecessor-version":[{"id":2986,"href":"http:\/\/www.s4s.rs\/index.php?rest_route=\/wp\/v2\/pages\/2292\/revisions\/2986"}],"wp:attachment":[{"href":"http:\/\/www.s4s.rs\/index.php?rest_route=%2Fwp%2Fv2%2Fmedia&parent=2292"}],"curies":[{"name":"wp","href":"https:\/\/api.w.org\/{rel}","templated":true}]}}